{"id":1394,"date":"2021-08-22T14:00:34","date_gmt":"2021-08-22T11:00:34","guid":{"rendered":"https:\/\/ego-forni.com\/?post_type=product&#038;p=1394"},"modified":"2026-02-27T23:01:02","modified_gmt":"2026-02-27T20:01:02","slug":"volcano","status":"publish","type":"product","link":"https:\/\/ego-forni.com\/it\/prodotto\/volcano\/","title":{"rendered":"Volcano"},"content":{"rendered":"<p>Il forno viene prodotto in una versione: Napoli (N)<\/p>\n<p>Diametro interno (superficie di cottura): 100, 120, 140 cm.<\/p>\n<p>\u00c8 consentita la scelta del colore, della lavorazione e della base in metallo.<\/p>","protected":false},"excerpt":{"rendered":"<p><strong>Forno mobile \u201cVOLCANO\u201d<\/strong><\/p>\n<p>&nbsp;<\/p>\n<p><span style=\"font-weight: 400;\">\u0412\u0438\u043a\u043e\u043d\u0430\u043d\u043d\u044f \u0443 \u0444\u043e\u0440\u043c\u0456 \u0432\u0443\u043b\u043a\u0430\u043d\u0430 &#8220;\u0412\u0435\u0437\u0443\u0432\u0456\u0439&#8221;.<\/span><\/p>\n<p><span style=\"font-weight: 400;\">Prodotto <\/span><b>VOLCANO <\/b><span style=\"font-weight: 400;\">solo nella versione Napoli (N). Uno dei forni pi\u00f9 produttivi della gamma. Questo forno napoletano \u00e8 consigliato per pizzerie con carichi di lavoro pesanti. Soddisfa le esigenze della produzione pi\u00f9 intense. Prestazioni uniche e massima affidabilit\u00e0.<\/span><\/p>\n<p><iframe loading=\"lazy\" src=\"https:\/\/docs.google.com\/spreadsheets\/d\/e\/2PACX-1vQSrlZEPflgpo0XVd6GR7i-kzUmrMNtTf6tE8MpS3MmZAmMF-aPmeYNiNDUyn92RPFiOLI0N55U7_OP\/pubhtml?gid=1551646566&#038;single=true&amp;widget=true&amp;headers=false\" width=\"100%\" height=\"320\"><\/iframe><\/p>","protected":false},"featured_media":1339,"template":"","meta":{"_monsterinsights_skip_tracking":false,"_monsterinsights_sitenote_active":false,"_monsterinsights_sitenote_note":"","_monsterinsights_sitenote_category":0},"product_brand":[],"product_cat":[18],"product_tag":[],"class_list":{"0":"post-1394","1":"product","2":"type-product","3":"status-publish","4":"has-post-thumbnail","6":"product_cat-ovens","7":"entry","9":"first","10":"instock","11":"shipping-taxable","12":"purchasable","13":"product-type-simple"},"aioseo_notices":[],"_links":{"self":[{"href":"https:\/\/ego-forni.com\/it\/wp-json\/wp\/v2\/product\/1394","targetHints":{"allow":["GET"]}}],"collection":[{"href":"https:\/\/ego-forni.com\/it\/wp-json\/wp\/v2\/product"}],"about":[{"href":"https:\/\/ego-forni.com\/it\/wp-json\/wp\/v2\/types\/product"}],"version-history":[{"count":4,"href":"https:\/\/ego-forni.com\/it\/wp-json\/wp\/v2\/product\/1394\/revisions"}],"predecessor-version":[{"id":2766,"href":"https:\/\/ego-forni.com\/it\/wp-json\/wp\/v2\/product\/1394\/revisions\/2766"}],"wp:featuredmedia":[{"embeddable":true,"href":"https:\/\/ego-forni.com\/it\/wp-json\/wp\/v2\/media\/1339"}],"wp:attachment":[{"href":"https:\/\/ego-forni.com\/it\/wp-json\/wp\/v2\/media?parent=1394"}],"wp:term":[{"taxonomy":"product_brand","embeddable":true,"href":"https:\/\/ego-forni.com\/it\/wp-json\/wp\/v2\/product_brand?post=1394"},{"taxonomy":"product_cat","embeddable":true,"href":"https:\/\/ego-forni.com\/it\/wp-json\/wp\/v2\/product_cat?post=1394"},{"taxonomy":"product_tag","embeddable":true,"href":"https:\/\/ego-forni.com\/it\/wp-json\/wp\/v2\/product_tag?post=1394"}],"curies":[{"name":"wp","href":"https:\/\/api.w.org\/{rel}","templated":true}]}}